{"id":232,"date":"2017-05-31T20:59:55","date_gmt":"2017-05-31T20:59:55","guid":{"rendered":"https:\/\/www.ecotoursmontreal.com\/?page_id=232\/"},"modified":"2020-06-08T15:39:57","modified_gmt":"2020-06-08T15:39:57","slug":"contact","status":"publish","type":"page","link":"https:\/\/www.ecotoursmontreal.com\/en\/contact\/","title":{"rendered":"Contact"},"content":{"rendered":"","protected":false},"excerpt":{"rendered":"","protected":false},"author":2,"featured_media":0,"parent":0,"menu_order":0,"comment_status":"closed","ping_status":"closed","template":"","meta":{"footnotes":""},"class_list":["post-232","page","type-page","status-publish","hentry"],"yoast_head":"<!-- This site is optimized with the Yoast SEO plugin v27.3 - https:\/\/yoast.com\/product\/yoast-seo-wordpress\/ -->\n<title>Contact - \u00c9co Tours Montr\u00e9al<\/title>\n<meta name=\"description\" content=\"Contact details and directions to contact Eco Tours Montreal and learn more about our Segway and Hoverboard guided tours.\" \/>\n<meta name=\"robots\" content=\"index, follow, max-snippet:-1, max-image-preview:large, max-video-preview:-1\" \/>\n<link rel=\"canonical\" href=\"https:\/\/www.ecotoursmontreal.com\/en\/contact\/\" \/>\n<meta property=\"og:locale\" content=\"en_US\" \/>\n<meta property=\"og:type\" content=\"article\" \/>\n<meta property=\"og:title\" content=\"Contact - \u00c9co Tours Montr\u00e9al\" \/>\n<meta property=\"og:description\" content=\"Contact details and directions to contact Eco Tours Montreal and learn more about our Segway and Hoverboard guided tours.\" \/>\n<meta property=\"og:url\" content=\"https:\/\/www.ecotoursmontreal.com\/en\/contact\/\" \/>\n<meta property=\"og:site_name\" content=\"\u00c9co Tours Montr\u00e9al\" \/>\n<meta property=\"article:modified_time\" content=\"2020-06-08T15:39:57+00:00\" \/>\n<meta name=\"twitter:card\" content=\"summary_large_image\" \/>\n<script type=\"application\/ld+json\" class=\"yoast-schema-graph\">{\"@context\":\"https:\\\/\\\/schema.org\",\"@graph\":[{\"@type\":\"WebPage\",\"@id\":\"https:\\\/\\\/www.ecotoursmontreal.com\\\/en\\\/contact\\\/\",\"url\":\"https:\\\/\\\/www.ecotoursmontreal.com\\\/en\\\/contact\\\/\",\"name\":\"Contact - \u00c9co Tours Montr\u00e9al\",\"isPartOf\":{\"@id\":\"https:\\\/\\\/www.ecotoursmontreal.com\\\/#website\"},\"datePublished\":\"2017-05-31T20:59:55+00:00\",\"dateModified\":\"2020-06-08T15:39:57+00:00\",\"description\":\"Contact details and directions to contact Eco Tours Montreal and learn more about our Segway and Hoverboard guided tours.\",\"breadcrumb\":{\"@id\":\"https:\\\/\\\/www.ecotoursmontreal.com\\\/en\\\/contact\\\/#breadcrumb\"},\"inLanguage\":\"en-US\",\"potentialAction\":[{\"@type\":\"ReadAction\",\"target\":[\"https:\\\/\\\/www.ecotoursmontreal.com\\\/en\\\/contact\\\/\"]}]},{\"@type\":\"BreadcrumbList\",\"@id\":\"https:\\\/\\\/www.ecotoursmontreal.com\\\/en\\\/contact\\\/#breadcrumb\",\"itemListElement\":[{\"@type\":\"ListItem\",\"position\":1,\"name\":\"Accueil\",\"item\":\"https:\\\/\\\/www.ecotoursmontreal.com\\\/en\\\/\"},{\"@type\":\"ListItem\",\"position\":2,\"name\":\"Contact\"}]},{\"@type\":\"WebSite\",\"@id\":\"https:\\\/\\\/www.ecotoursmontreal.com\\\/#website\",\"url\":\"https:\\\/\\\/www.ecotoursmontreal.com\\\/\",\"name\":\"\u00c9co Tours Montr\u00e9al\",\"description\":\"Tours guid\u00e9s en Segway et Hoverboard du Vieux-Port de Montr\u00e9al\",\"publisher\":{\"@id\":\"https:\\\/\\\/www.ecotoursmontreal.com\\\/#organization\"},\"potentialAction\":[{\"@type\":\"SearchAction\",\"target\":{\"@type\":\"EntryPoint\",\"urlTemplate\":\"https:\\\/\\\/www.ecotoursmontreal.com\\\/?s={search_term_string}\"},\"query-input\":{\"@type\":\"PropertyValueSpecification\",\"valueRequired\":true,\"valueName\":\"search_term_string\"}}],\"inLanguage\":\"en-US\"},{\"@type\":\"Organization\",\"@id\":\"https:\\\/\\\/www.ecotoursmontreal.com\\\/#organization\",\"name\":\"\u00c9cotours Montr\u00e9al\",\"url\":\"https:\\\/\\\/www.ecotoursmontreal.com\\\/\",\"logo\":{\"@type\":\"ImageObject\",\"inLanguage\":\"en-US\",\"@id\":\"https:\\\/\\\/www.ecotoursmontreal.com\\\/#\\\/schema\\\/logo\\\/image\\\/\",\"url\":\"https:\\\/\\\/www.ecotoursmontreal.com\\\/wp-content\\\/uploads\\\/2021\\\/07\\\/EcoTours_logo_couleur_icone.png\",\"contentUrl\":\"https:\\\/\\\/www.ecotoursmontreal.com\\\/wp-content\\\/uploads\\\/2021\\\/07\\\/EcoTours_logo_couleur_icone.png\",\"width\":50,\"height\":50,\"caption\":\"\u00c9cotours Montr\u00e9al\"},\"image\":{\"@id\":\"https:\\\/\\\/www.ecotoursmontreal.com\\\/#\\\/schema\\\/logo\\\/image\\\/\"}}]}<\/script>\n<!-- \/ Yoast SEO plugin. -->","yoast_head_json":{"title":"Contact - \u00c9co Tours Montr\u00e9al","description":"Contact details and directions to contact Eco Tours Montreal and learn more about our Segway and Hoverboard guided tours.","robots":{"index":"index","follow":"follow","max-snippet":"max-snippet:-1","max-image-preview":"max-image-preview:large","max-video-preview":"max-video-preview:-1"},"canonical":"https:\/\/www.ecotoursmontreal.com\/en\/contact\/","og_locale":"en_US","og_type":"article","og_title":"Contact - \u00c9co Tours Montr\u00e9al","og_description":"Contact details and directions to contact Eco Tours Montreal and learn more about our Segway and Hoverboard guided tours.","og_url":"https:\/\/www.ecotoursmontreal.com\/en\/contact\/","og_site_name":"\u00c9co Tours Montr\u00e9al","article_modified_time":"2020-06-08T15:39:57+00:00","twitter_card":"summary_large_image","schema":{"@context":"https:\/\/schema.org","@graph":[{"@type":"WebPage","@id":"https:\/\/www.ecotoursmontreal.com\/en\/contact\/","url":"https:\/\/www.ecotoursmontreal.com\/en\/contact\/","name":"Contact - \u00c9co Tours Montr\u00e9al","isPartOf":{"@id":"https:\/\/www.ecotoursmontreal.com\/#website"},"datePublished":"2017-05-31T20:59:55+00:00","dateModified":"2020-06-08T15:39:57+00:00","description":"Contact details and directions to contact Eco Tours Montreal and learn more about our Segway and Hoverboard guided tours.","breadcrumb":{"@id":"https:\/\/www.ecotoursmontreal.com\/en\/contact\/#breadcrumb"},"inLanguage":"en-US","potentialAction":[{"@type":"ReadAction","target":["https:\/\/www.ecotoursmontreal.com\/en\/contact\/"]}]},{"@type":"BreadcrumbList","@id":"https:\/\/www.ecotoursmontreal.com\/en\/contact\/#breadcrumb","itemListElement":[{"@type":"ListItem","position":1,"name":"Accueil","item":"https:\/\/www.ecotoursmontreal.com\/en\/"},{"@type":"ListItem","position":2,"name":"Contact"}]},{"@type":"WebSite","@id":"https:\/\/www.ecotoursmontreal.com\/#website","url":"https:\/\/www.ecotoursmontreal.com\/","name":"\u00c9co Tours Montr\u00e9al","description":"Tours guid\u00e9s en Segway et Hoverboard du Vieux-Port de Montr\u00e9al","publisher":{"@id":"https:\/\/www.ecotoursmontreal.com\/#organization"},"potentialAction":[{"@type":"SearchAction","target":{"@type":"EntryPoint","urlTemplate":"https:\/\/www.ecotoursmontreal.com\/?s={search_term_string}"},"query-input":{"@type":"PropertyValueSpecification","valueRequired":true,"valueName":"search_term_string"}}],"inLanguage":"en-US"},{"@type":"Organization","@id":"https:\/\/www.ecotoursmontreal.com\/#organization","name":"\u00c9cotours Montr\u00e9al","url":"https:\/\/www.ecotoursmontreal.com\/","logo":{"@type":"ImageObject","inLanguage":"en-US","@id":"https:\/\/www.ecotoursmontreal.com\/#\/schema\/logo\/image\/","url":"https:\/\/www.ecotoursmontreal.com\/wp-content\/uploads\/2021\/07\/EcoTours_logo_couleur_icone.png","contentUrl":"https:\/\/www.ecotoursmontreal.com\/wp-content\/uploads\/2021\/07\/EcoTours_logo_couleur_icone.png","width":50,"height":50,"caption":"\u00c9cotours Montr\u00e9al"},"image":{"@id":"https:\/\/www.ecotoursmontreal.com\/#\/schema\/logo\/image\/"}}]}},"_links":{"self":[{"href":"https:\/\/www.ecotoursmontreal.com\/en\/wp-json\/wp\/v2\/pages\/232","targetHints":{"allow":["GET"]}}],"collection":[{"href":"https:\/\/www.ecotoursmontreal.com\/en\/wp-json\/wp\/v2\/pages"}],"about":[{"href":"https:\/\/www.ecotoursmontreal.com\/en\/wp-json\/wp\/v2\/types\/page"}],"author":[{"embeddable":true,"href":"https:\/\/www.ecotoursmontreal.com\/en\/wp-json\/wp\/v2\/users\/2"}],"replies":[{"embeddable":true,"href":"https:\/\/www.ecotoursmontreal.com\/en\/wp-json\/wp\/v2\/comments?post=232"}],"version-history":[{"count":1,"href":"https:\/\/www.ecotoursmontreal.com\/en\/wp-json\/wp\/v2\/pages\/232\/revisions"}],"predecessor-version":[{"id":592,"href":"https:\/\/www.ecotoursmontreal.com\/en\/wp-json\/wp\/v2\/pages\/232\/revisions\/592"}],"wp:attachment":[{"href":"https:\/\/www.ecotoursmontreal.com\/en\/wp-json\/wp\/v2\/media?parent=232"}],"curies":[{"name":"wp","href":"https:\/\/api.w.org\/{rel}","templated":true}]}}